{"id":7,"date":"2020-03-17T18:46:00","date_gmt":"2020-03-17T21:46:00","guid":{"rendered":"https:\/\/www.seteco.com.br\/imposto_renda_2021\/?page_id=7"},"modified":"2026-03-04T11:46:12","modified_gmt":"2026-03-04T14:46:12","slug":"https-www-seteco-com-br-imposto_renda","status":"publish","type":"page","link":"https:\/\/www.seteco.com.br\/imposto_renda\/","title":{"rendered":"Imposto de Renda 2026 &#8211; N\u00f3s simplificamos para voc\u00ea!"},"content":{"rendered":"","protected":false},"excerpt":{"rendered":"","protected":false},"author":1,"featured_media":0,"parent":0,"menu_order":1,"comment_status":"closed","ping_status":"closed","template":"","meta":{"_acf_changed":false,"footnotes":""},"class_list":["post-7","page","type-page","status-publish","hentry"],"acf":[],"yoast_head":"<!-- This site is optimized with the Yoast SEO plugin v27.0 - https:\/\/yoast.com\/product\/yoast-seo-wordpress\/ -->\n<title>Imposto de Renda 2026 - Fique em dia com a Seteco<\/title>\n<meta name=\"description\" content=\"Imposto de Renda 2026 - tudo sobre documentos, restitui\u00e7\u00f5es e dedu\u00e7\u00f5es para ficar em dia com a Receita Federal.\" \/>\n<meta name=\"robots\" content=\"index, follow, max-snippet:-1, max-image-preview:large, max-video-preview:-1\" \/>\n<link rel=\"canonical\" href=\"https:\/\/www.seteco.com.br\/imposto_renda\/\" \/>\n<meta property=\"og:locale\" content=\"pt_BR\" \/>\n<meta property=\"og:type\" content=\"article\" \/>\n<meta property=\"og:title\" content=\"Imposto de Renda 2026 - Fique em dia com a Seteco\" \/>\n<meta property=\"og:description\" content=\"Imposto de Renda 2026 - tudo sobre documentos, restitui\u00e7\u00f5es e dedu\u00e7\u00f5es para ficar em dia com a Receita Federal.\" \/>\n<meta property=\"og:url\" content=\"https:\/\/www.seteco.com.br\/imposto_renda\/\" \/>\n<meta property=\"og:site_name\" content=\"Seteco - Imposto de Renda\" \/>\n<meta property=\"article:publisher\" content=\"https:\/\/www.facebook.com\/setecocontabilidade\" \/>\n<meta property=\"article:modified_time\" content=\"2026-03-04T14:46:12+00:00\" \/>\n<meta name=\"twitter:card\" content=\"summary_large_image\" \/>\n<meta name=\"twitter:site\" content=\"@setecocontabil\" \/>\n<script type=\"application\/ld+json\" class=\"yoast-schema-graph\">{\"@context\":\"https:\/\/schema.org\",\"@graph\":[{\"@type\":\"WebPage\",\"@id\":\"https:\/\/www.seteco.com.br\/imposto_renda\/\",\"url\":\"https:\/\/www.seteco.com.br\/imposto_renda\/\",\"name\":\"Imposto de Renda 2026 - Fique em dia com a Seteco\",\"isPartOf\":{\"@id\":\"https:\/\/www.seteco.com.br\/imposto_renda\/#website\"},\"datePublished\":\"2020-03-17T21:46:00+00:00\",\"dateModified\":\"2026-03-04T14:46:12+00:00\",\"description\":\"Imposto de Renda 2026 - tudo sobre documentos, restitui\u00e7\u00f5es e dedu\u00e7\u00f5es para ficar em dia com a Receita Federal.\",\"breadcrumb\":{\"@id\":\"https:\/\/www.seteco.com.br\/imposto_renda\/#breadcrumb\"},\"inLanguage\":\"pt-BR\",\"potentialAction\":[{\"@type\":\"ReadAction\",\"target\":[\"https:\/\/www.seteco.com.br\/imposto_renda\/\"]}]},{\"@type\":\"BreadcrumbList\",\"@id\":\"https:\/\/www.seteco.com.br\/imposto_renda\/#breadcrumb\",\"itemListElement\":[{\"@type\":\"ListItem\",\"position\":1,\"name\":\"In\u00edcio\",\"item\":\"https:\/\/www.seteco.com.br\/imposto_renda\/\"},{\"@type\":\"ListItem\",\"position\":2,\"name\":\"Imposto de Renda 2026 &#8211; N\u00f3s simplificamos para voc\u00ea!\"}]},{\"@type\":\"WebSite\",\"@id\":\"https:\/\/www.seteco.com.br\/imposto_renda\/#website\",\"url\":\"https:\/\/www.seteco.com.br\/imposto_renda\/\",\"name\":\"Seteco - Imposto de Renda 2020\",\"description\":\"Landing Page IRPF Seteco\",\"publisher\":{\"@id\":\"https:\/\/www.seteco.com.br\/imposto_renda\/#organization\"},\"potentialAction\":[{\"@type\":\"SearchAction\",\"target\":{\"@type\":\"EntryPoint\",\"urlTemplate\":\"https:\/\/www.seteco.com.br\/imposto_renda\/?s={search_term_string}\"},\"query-input\":{\"@type\":\"PropertyValueSpecification\",\"valueRequired\":true,\"valueName\":\"search_term_string\"}}],\"inLanguage\":\"pt-BR\"},{\"@type\":\"Organization\",\"@id\":\"https:\/\/www.seteco.com.br\/imposto_renda\/#organization\",\"name\":\"Seteco - Imposto de Renda 2020\",\"url\":\"https:\/\/www.seteco.com.br\/imposto_renda\/\",\"logo\":{\"@type\":\"ImageObject\",\"inLanguage\":\"pt-BR\",\"@id\":\"https:\/\/www.seteco.com.br\/imposto_renda\/#\/schema\/logo\/image\/\",\"url\":\"https:\/\/www.seteco.com.br\/imposto_renda\/wp-content\/uploads\/2020\/03\/seteco-1.png\",\"contentUrl\":\"https:\/\/www.seteco.com.br\/imposto_renda\/wp-content\/uploads\/2020\/03\/seteco-1.png\",\"width\":300,\"height\":138,\"caption\":\"Seteco - Imposto de Renda 2020\"},\"image\":{\"@id\":\"https:\/\/www.seteco.com.br\/imposto_renda\/#\/schema\/logo\/image\/\"},\"sameAs\":[\"https:\/\/www.facebook.com\/setecocontabilidade\",\"https:\/\/x.com\/setecocontabil\",\"https:\/\/www.instagram.com\/somos_seteco\/\",\"https:\/\/www.linkedin.com\/company\/seteco-consultoria-contabil\/\",\"https:\/\/www.youtube.com\/user\/webseteco?gl=BR&amp;amp;hl=pt\"]}]}<\/script>\n<!-- \/ Yoast SEO plugin. -->","yoast_head_json":{"title":"Imposto de Renda 2026 - Fique em dia com a Seteco","description":"Imposto de Renda 2026 - tudo sobre documentos, restitui\u00e7\u00f5es e dedu\u00e7\u00f5es para ficar em dia com a Receita Federal.","robots":{"index":"index","follow":"follow","max-snippet":"max-snippet:-1","max-image-preview":"max-image-preview:large","max-video-preview":"max-video-preview:-1"},"canonical":"https:\/\/www.seteco.com.br\/imposto_renda\/","og_locale":"pt_BR","og_type":"article","og_title":"Imposto de Renda 2026 - Fique em dia com a Seteco","og_description":"Imposto de Renda 2026 - tudo sobre documentos, restitui\u00e7\u00f5es e dedu\u00e7\u00f5es para ficar em dia com a Receita Federal.","og_url":"https:\/\/www.seteco.com.br\/imposto_renda\/","og_site_name":"Seteco - Imposto de Renda","article_publisher":"https:\/\/www.facebook.com\/setecocontabilidade","article_modified_time":"2026-03-04T14:46:12+00:00","twitter_card":"summary_large_image","twitter_site":"@setecocontabil","schema":{"@context":"https:\/\/schema.org","@graph":[{"@type":"WebPage","@id":"https:\/\/www.seteco.com.br\/imposto_renda\/","url":"https:\/\/www.seteco.com.br\/imposto_renda\/","name":"Imposto de Renda 2026 - Fique em dia com a Seteco","isPartOf":{"@id":"https:\/\/www.seteco.com.br\/imposto_renda\/#website"},"datePublished":"2020-03-17T21:46:00+00:00","dateModified":"2026-03-04T14:46:12+00:00","description":"Imposto de Renda 2026 - tudo sobre documentos, restitui\u00e7\u00f5es e dedu\u00e7\u00f5es para ficar em dia com a Receita Federal.","breadcrumb":{"@id":"https:\/\/www.seteco.com.br\/imposto_renda\/#breadcrumb"},"inLanguage":"pt-BR","potentialAction":[{"@type":"ReadAction","target":["https:\/\/www.seteco.com.br\/imposto_renda\/"]}]},{"@type":"BreadcrumbList","@id":"https:\/\/www.seteco.com.br\/imposto_renda\/#breadcrumb","itemListElement":[{"@type":"ListItem","position":1,"name":"In\u00edcio","item":"https:\/\/www.seteco.com.br\/imposto_renda\/"},{"@type":"ListItem","position":2,"name":"Imposto de Renda 2026 &#8211; N\u00f3s simplificamos para voc\u00ea!"}]},{"@type":"WebSite","@id":"https:\/\/www.seteco.com.br\/imposto_renda\/#website","url":"https:\/\/www.seteco.com.br\/imposto_renda\/","name":"Seteco - Imposto de Renda 2020","description":"Landing Page IRPF Seteco","publisher":{"@id":"https:\/\/www.seteco.com.br\/imposto_renda\/#organization"},"potentialAction":[{"@type":"SearchAction","target":{"@type":"EntryPoint","urlTemplate":"https:\/\/www.seteco.com.br\/imposto_renda\/?s={search_term_string}"},"query-input":{"@type":"PropertyValueSpecification","valueRequired":true,"valueName":"search_term_string"}}],"inLanguage":"pt-BR"},{"@type":"Organization","@id":"https:\/\/www.seteco.com.br\/imposto_renda\/#organization","name":"Seteco - Imposto de Renda 2020","url":"https:\/\/www.seteco.com.br\/imposto_renda\/","logo":{"@type":"ImageObject","inLanguage":"pt-BR","@id":"https:\/\/www.seteco.com.br\/imposto_renda\/#\/schema\/logo\/image\/","url":"https:\/\/www.seteco.com.br\/imposto_renda\/wp-content\/uploads\/2020\/03\/seteco-1.png","contentUrl":"https:\/\/www.seteco.com.br\/imposto_renda\/wp-content\/uploads\/2020\/03\/seteco-1.png","width":300,"height":138,"caption":"Seteco - Imposto de Renda 2020"},"image":{"@id":"https:\/\/www.seteco.com.br\/imposto_renda\/#\/schema\/logo\/image\/"},"sameAs":["https:\/\/www.facebook.com\/setecocontabilidade","https:\/\/x.com\/setecocontabil","https:\/\/www.instagram.com\/somos_seteco\/","https:\/\/www.linkedin.com\/company\/seteco-consultoria-contabil\/","https:\/\/www.youtube.com\/user\/webseteco?gl=BR&amp;amp;hl=pt"]}]}},"_links":{"self":[{"href":"https:\/\/www.seteco.com.br\/imposto_renda\/wp-json\/wp\/v2\/pages\/7","targetHints":{"allow":["GET"]}}],"collection":[{"href":"https:\/\/www.seteco.com.br\/imposto_renda\/wp-json\/wp\/v2\/pages"}],"about":[{"href":"https:\/\/www.seteco.com.br\/imposto_renda\/wp-json\/wp\/v2\/types\/page"}],"author":[{"embeddable":true,"href":"https:\/\/www.seteco.com.br\/imposto_renda\/wp-json\/wp\/v2\/users\/1"}],"replies":[{"embeddable":true,"href":"https:\/\/www.seteco.com.br\/imposto_renda\/wp-json\/wp\/v2\/comments?post=7"}],"version-history":[{"count":69,"href":"https:\/\/www.seteco.com.br\/imposto_renda\/wp-json\/wp\/v2\/pages\/7\/revisions"}],"predecessor-version":[{"id":201,"href":"https:\/\/www.seteco.com.br\/imposto_renda\/wp-json\/wp\/v2\/pages\/7\/revisions\/201"}],"wp:attachment":[{"href":"https:\/\/www.seteco.com.br\/imposto_renda\/wp-json\/wp\/v2\/media?parent=7"}],"curies":[{"name":"wp","href":"https:\/\/api.w.org\/{rel}","templated":true}]}}